{"id":28,"date":"2024-10-15T15:30:53","date_gmt":"2024-10-15T15:30:53","guid":{"rendered":"https:\/\/techpoint.com.ar\/web\/?page_id=28"},"modified":"2024-10-15T15:31:18","modified_gmt":"2024-10-15T15:31:18","slug":"contacto","status":"publish","type":"page","link":"https:\/\/techpoint.com.ar\/web\/?page_id=28","title":{"rendered":"Contacto"},"content":{"rendered":"<p>[et_pb_section fb_built=\u00bb1&#8243; admin_label=\u00bbHero\u00bb _builder_version=\u00bb4.24.3&#8243; _module_preset=\u00bb_module_preset=\u00bb background_image=\u00bbdata:image\/svg+xml;base64,PHN2ZyB3aWR0aD0iMTA4MCIgaGVpZ2h0PSI1NDAiIHZpZXdCb3g9IjAgMCAxMDgwIDU0MCIgeG1sbnM9Imh0dHA6Ly93d3cudzMub3JnLzIwMDAvc3ZnIj4KICAgIDxnIGZpbGw9Im5vbmUiIGZpbGwtcnVsZT0iZXZlbm9kZCI+CiAgICAgICAgPHBhdGggZmlsbD0iI0VCRUJFQiIgZD0iTTAgMGgxMDgwdjU0MEgweiIvPgogICAgICAgIDxwYXRoIGQ9Ik00NDUuNjQ5IDU0MGgtOTguOTk1TDE0NC42NDkgMzM3Ljk5NSAwIDQ4Mi42NDR2LTk4Ljk5NWwxMTYuMzY1LTExNi4zNjVjMTUuNjItMTUuNjIgNDAuOTQ3LTE1LjYyIDU2LjU2OCAwTDQ0NS42NSA1NDB6IiBmaWxsLW9wYWNpdHk9Ii4xIiBmaWxsPSIjMDAwIiBmaWxsLXJ1bGU9Im5vbnplcm8iLz4KICAgICAgICA8Y2lyY2xlIGZpbGwtb3BhY2l0eT0iLjA1IiBmaWxsPSIjMDAwIiBjeD0iMzMxIiBjeT0iMTQ4IiByPSI3MCIvPgogICAgICAgIDxwYXRoIGQ9Ik0xMDgwIDM3OXYxMTMuMTM3TDcyOC4xNjIgMTQwLjMgMzI4LjQ2MiA1NDBIMjE1LjMyNEw2OTkuODc4IDU1LjQ0NmMxNS42Mi0xNS42MiA0MC45NDgtMTUuNjIgNTYuNTY4IDBMMTA4MCAzNzl6IiBmaWxsLW9wYWNpdHk9Ii4yIiBmaWxsPSIjMDAwIiBmaWxsLXJ1bGU9Im5vbnplcm8iLz4KICAgIDwvZz4KPC9zdmc+Cg==\u00bb custom_padding=\u00bb8vw||8vw||true|false\u00bb hover_enabled=\u00bb0&#8243; locked=\u00bboff\u00bb template_type=\u00bbsection\u00bb collapsed=\u00bbon\u00bb global_colors_info=\u00bb{}\u00bb][et_pb_row _builder_version=\u00bb4.24.2&#8243; _module_preset=\u00bb5138c454-be54-4233-bd3b-f8e6a8747976&#8243; hover_enabled=\u00bb0&#8243; locked=\u00bboff\u00bb global_colors_info=\u00bb{}\u00bb][et_pb_column type=\u00bb4_4&#8243; _builder_version=\u00bb4.23.1&#8243; _module_preset=\u00bb73121f80-a3ef-4484-8763-c3f18e3c56d2&#8243; hover_enabled=\u00bb0&#8243; global_colors_info=\u00bb{}\u00bb][et_pb_heading title=\u00bbCon\u00e9ctate con Tech Point\u00bb _builder_version=\u00bb4.24.2&#8243; _module_preset=\u00bbf0c675ea-2574-4d0e-b725-30f8550a8550&#8243; title_text_color=\u00bb#FFFFFF\u00bb hover_enabled=\u00bb0&#8243; locked=\u00bboff\u00bb global_colors_info=\u00bb{}\u00bb][\/et_pb_heading][et_pb_heading title=\u00bbContacto y Soporte\u00bb _builder_version=\u00bb4.24.2&#8243; _module_preset=\u00bbddeb8c09-9078-4424-bc15-2efb6572e28e\u00bb title_text_color=\u00bb#FFFFFF\u00bb hover_enabled=\u00bb0&#8243; locked=\u00bboff\u00bb global_colors_info=\u00bb{}\u00bb][\/et_pb_heading][et_pb_text _builder_version=\u00bb4.24.2&#8243; _module_preset=\u00bb0504de1e-f5ff-4281-ba60-cbbe4edf98bc\u00bb hover_enabled=\u00bb0&#8243; locked=\u00bboff\u00bb global_colors_info=\u00bb{%22gcid-primary-color%22:%91%22link_text_color%22%93,%22gcid-heading-color%22:%91%22header_text_color%22,%22header_4_text_color%22,%22header_3_text_color%22,%22header_2_text_color%22,%22header_5_text_color%22,%22header_6_text_color%22%93,%22gcid-secondary-color%22:%91%22quote_border_color%22%93}\u00bb]<\/p>\n<p>Descubre c\u00f3mo podemos ayudarte con tus necesidades tecnol\u00f3gicas. Estamos aqu\u00ed para ofrecerte soluciones r\u00e1pidas y efectivas.<\/p>\n<p>[\/et_pb_text][et_pb_button button_text=\u00bbCont\u00e1ctanos Ahora\u00bb _builder_version=\u00bb4.23.1&#8243; _module_preset=\u00bb1bffc0fc-42a0-49d1-bd9a-ae3ade2d7206&#8243; hover_enabled=\u00bb0&#8243; locked=\u00bboff\u00bb global_colors_info=\u00bb{}\u00bb][\/et_pb_button][\/et_pb_column][\/et_pb_row][\/et_pb_section][et_pb_section fb_built=\u00bb1&#8243; admin_label=\u00bbContact Info\u00bb _builder_version=\u00bb4.25.1&#8243; _module_preset=\u00bbdefault\u00bb hover_enabled=\u00bb0&#8243; template_type=\u00bbsection\u00bb collapsed=\u00bbon\u00bb global_colors_info=\u00bb{}\u00bb][et_pb_row column_structure=\u00bb1_3,1_3,1_3&#8243; _builder_version=\u00bb4.25.1&#8243; _module_preset=\u00bbdefault\u00bb hover_enabled=\u00bb0&#8243; global_colors_info=\u00bb{}\u00bb][et_pb_column type=\u00bb1_3&#8243; _builder_version=\u00bb4.25.1&#8243; _module_preset=\u00bbdefault\u00bb hover_enabled=\u00bb0&#8243; global_colors_info=\u00bb{}\u00bb][et_pb_blurb title=\u00bbPhone\u00bb use_icon=\u00bbon\u00bb font_icon=\u00bb&#xe090;||divi||400&#8243; icon_alignment=\u00bbcenter\u00bb module_class=\u00bbai_ignore_all\u00bb _builder_version=\u00bb4.25.1&#8243; _module_preset=\u00bb212b201d-2c34-41bd-936c-851b7357d08b\u00bb text_orientation=\u00bbcenter\u00bb hover_enabled=\u00bb0&#8243; global_colors_info=\u00bb{}\u00bb](123) 456-7890[\/et_pb_blurb][\/et_pb_column][et_pb_column type=\u00bb1_3&#8243; _builder_version=\u00bb4.25.1&#8243; _module_preset=\u00bbdefault\u00bb hover_enabled=\u00bb0&#8243; global_colors_info=\u00bb{}\u00bb][et_pb_blurb title=\u00bbEmail\u00bb use_icon=\u00bbon\u00bb font_icon=\u00bb&#xf0e0;||fa||900&#8243; icon_alignment=\u00bbcenter\u00bb module_class=\u00bbai_ignore_all\u00bb _builder_version=\u00bb4.25.1&#8243; _module_preset=\u00bb212b201d-2c34-41bd-936c-851b7357d08b\u00bb text_orientation=\u00bbcenter\u00bb hover_enabled=\u00bb0&#8243; locked=\u00bboff\u00bb global_colors_info=\u00bb{}\u00bb]<\/p>\n<p><a href=\"mailto:contacto@techpoint.com\">contacto@techpoint.com<\/a><\/p>\n<p>[\/et_pb_blurb][\/et_pb_column][et_pb_column type=\u00bb1_3&#8243; _builder_version=\u00bb4.25.1&#8243; _module_preset=\u00bbdefault\u00bb hover_enabled=\u00bb0&#8243; global_colors_info=\u00bb{}\u00bb][et_pb_blurb title=\u00bbAddress\u00bb use_icon=\u00bbon\u00bb font_icon=\u00bb&#xf3c5;||fa||900&#8243; icon_alignment=\u00bbcenter\u00bb module_class=\u00bbai_ignore_all\u00bb _builder_version=\u00bb4.25.1&#8243; _module_preset=\u00bb212b201d-2c34-41bd-936c-851b7357d08b\u00bb text_orientation=\u00bbcenter\u00bb hover_enabled=\u00bb0&#8243; locked=\u00bboff\u00bb global_colors_info=\u00bb{}\u00bb]<\/p>\n<p>Avenida Innovaci\u00f3n 123, Piso 5, Ciudad Tech, CP 45678<\/p>\n<p>[\/et_pb_blurb][\/et_pb_column][\/et_pb_row][\/et_pb_section][et_pb_section fb_built=\u00bb1&#8243; admin_label=\u00bbAppointment Booking\u00bb _builder_version=\u00bb4.24.3&#8243; _module_preset=\u00bbdefault\u00bb background_color=\u00bbgcid-primary-color\u00bb hover_enabled=\u00bb0&#8243; locked=\u00bboff\u00bb template_type=\u00bbsection\u00bb collapsed=\u00bbon\u00bb global_colors_info=\u00bb{%22gcid-primary-color%22:%91%22background_color%22%93}\u00bb][et_pb_row _builder_version=\u00bb4.24.3&#8243; _module_preset=\u00bbc9cfaba2-2263-4f35-8227-8d16ca8bd1cc\u00bb hover_enabled=\u00bb0&#8243; border_radii_tablet=\u00bbon|30px|30px|30px|30px\u00bb border_radii_phone=\u00bbon|20px|20px|20px|20px\u00bb border_radii_last_edited=\u00bboff|desktop\u00bb global_colors_info=\u00bb{}\u00bb][et_pb_column type=\u00bb4_4&#8243; _builder_version=\u00bb4.16&#8243; _module_preset=\u00bb73121f80-a3ef-4484-8763-c3f18e3c56d2&#8243; hover_enabled=\u00bb0&#8243; global_colors_info=\u00bb{}\u00bb][et_pb_heading title=\u00bbAgenda Tu Cita\u00bb _builder_version=\u00bb4.24.3&#8243; _module_preset=\u00bbc33f07d9-41e0-421a-8799-5799df695cce\u00bb title_text_align=\u00bbcenter\u00bb hover_enabled=\u00bb0&#8243; locked=\u00bboff\u00bb global_colors_info=\u00bb{}\u00bb][\/et_pb_heading][et_pb_text _builder_version=\u00bb4.24.3&#8243; _module_preset=\u00bb2c55a9c4-feed-423b-9edb-ae0b5b365cac\u00bb text_orientation=\u00bbcenter\u00bb module_alignment=\u00bbcenter\u00bb hover_enabled=\u00bb0&#8243; locked=\u00bboff\u00bb global_colors_info=\u00bb{}\u00bb]<\/p>\n<p>Completa el formulario a continuaci\u00f3n para enviarnos tus consultas o para agendar una cita con nuestro equipo de expertos.<\/p>\n<p>[\/et_pb_text][et_pb_contact_form captcha=\u00bboff\u00bb _builder_version=\u00bb4.24.3&#8243; _module_preset=\u00bb347de7c5-8eec-4fb2-89ad-e07c220a4ead\u00bb _unique_id=\u00bbceddc97d-3019-4508-a1f2-667b6f23809b\u00bb hover_enabled=\u00bb0&#8243; locked=\u00bboff\u00bb global_colors_info=\u00bb{}\u00bb][et_pb_contact_field field_id=\u00bbName\u00bb field_title=\u00bbName\u00bb _builder_version=\u00bb4.16&#8243; _module_preset=\u00bbdefault\u00bb hover_enabled=\u00bb0&#8243; global_colors_info=\u00bb{}\u00bb button_text_size__hover_enabled=\u00bboff\u00bb button_one_text_size__hover_enabled=\u00bboff\u00bb button_two_text_size__hover_enabled=\u00bboff\u00bb button_text_color__hover_enabled=\u00bboff\u00bb button_one_text_color__hover_enabled=\u00bboff\u00bb button_two_text_color__hover_enabled=\u00bboff\u00bb button_border_width__hover_enabled=\u00bboff\u00bb button_one_border_width__hover_enabled=\u00bboff\u00bb button_two_border_width__hover_enabled=\u00bboff\u00bb button_border_color__hover_enabled=\u00bboff\u00bb button_one_border_color__hover_enabled=\u00bboff\u00bb button_two_border_color__hover_enabled=\u00bboff\u00bb button_border_radius__hover_enabled=\u00bboff\u00bb button_one_border_radius__hover_enabled=\u00bboff\u00bb button_two_border_radius__hover_enabled=\u00bboff\u00bb button_letter_spacing__hover_enabled=\u00bboff\u00bb button_one_letter_spacing__hover_enabled=\u00bboff\u00bb button_two_letter_spacing__hover_enabled=\u00bboff\u00bb button_bg_color__hover_enabled=\u00bboff\u00bb button_one_bg_color__hover_enabled=\u00bboff\u00bb button_two_bg_color__hover_enabled=\u00bboff\u00bb][\/et_pb_contact_field][et_pb_contact_field field_id=\u00bbEmail\u00bb field_title=\u00bbEmail Address\u00bb field_type=\u00bbemail\u00bb _builder_version=\u00bb4.16&#8243; _module_preset=\u00bbdefault\u00bb hover_enabled=\u00bb0&#8243; global_colors_info=\u00bb{}\u00bb button_text_size__hover_enabled=\u00bboff\u00bb button_one_text_size__hover_enabled=\u00bboff\u00bb button_two_text_size__hover_enabled=\u00bboff\u00bb button_text_color__hover_enabled=\u00bboff\u00bb button_one_text_color__hover_enabled=\u00bboff\u00bb button_two_text_color__hover_enabled=\u00bboff\u00bb button_border_width__hover_enabled=\u00bboff\u00bb button_one_border_width__hover_enabled=\u00bboff\u00bb button_two_border_width__hover_enabled=\u00bboff\u00bb button_border_color__hover_enabled=\u00bboff\u00bb button_one_border_color__hover_enabled=\u00bboff\u00bb button_two_border_color__hover_enabled=\u00bboff\u00bb button_border_radius__hover_enabled=\u00bboff\u00bb button_one_border_radius__hover_enabled=\u00bboff\u00bb button_two_border_radius__hover_enabled=\u00bboff\u00bb button_letter_spacing__hover_enabled=\u00bboff\u00bb button_one_letter_spacing__hover_enabled=\u00bboff\u00bb button_two_letter_spacing__hover_enabled=\u00bboff\u00bb button_bg_color__hover_enabled=\u00bboff\u00bb button_one_bg_color__hover_enabled=\u00bboff\u00bb button_two_bg_color__hover_enabled=\u00bboff\u00bb][\/et_pb_contact_field][et_pb_contact_field field_id=\u00bbMessage\u00bb field_title=\u00bbMessage\u00bb field_type=\u00bbtext\u00bb fullwidth_field=\u00bbon\u00bb _builder_version=\u00bb4.16&#8243; _module_preset=\u00bbdefault\u00bb hover_enabled=\u00bb0&#8243; global_colors_info=\u00bb{}\u00bb button_text_size__hover_enabled=\u00bboff\u00bb button_one_text_size__hover_enabled=\u00bboff\u00bb button_two_text_size__hover_enabled=\u00bboff\u00bb button_text_color__hover_enabled=\u00bboff\u00bb button_one_text_color__hover_enabled=\u00bboff\u00bb button_two_text_color__hover_enabled=\u00bboff\u00bb button_border_width__hover_enabled=\u00bboff\u00bb button_one_border_width__hover_enabled=\u00bboff\u00bb button_two_border_width__hover_enabled=\u00bboff\u00bb button_border_color__hover_enabled=\u00bboff\u00bb button_one_border_color__hover_enabled=\u00bboff\u00bb button_two_border_color__hover_enabled=\u00bboff\u00bb button_border_radius__hover_enabled=\u00bboff\u00bb button_one_border_radius__hover_enabled=\u00bboff\u00bb button_two_border_radius__hover_enabled=\u00bboff\u00bb button_letter_spacing__hover_enabled=\u00bboff\u00bb button_one_letter_spacing__hover_enabled=\u00bboff\u00bb button_two_letter_spacing__hover_enabled=\u00bboff\u00bb button_bg_color__hover_enabled=\u00bboff\u00bb button_one_bg_color__hover_enabled=\u00bboff\u00bb button_two_bg_color__hover_enabled=\u00bboff\u00bb][\/et_pb_contact_field][\/et_pb_contact_form][\/et_pb_column][\/et_pb_row][\/et_pb_section][et_pb_section fb_built=\u00bb1&#8243; admin_label=\u00bbFrequently Asked Questions\u00bb _builder_version=\u00bb4.24.3&#8243; _module_preset=\u00bbdefault\u00bb background_color=\u00bbgcid-primary-color\u00bb hover_enabled=\u00bb0&#8243; locked=\u00bboff\u00bb template_type=\u00bbsection\u00bb collapsed=\u00bbon\u00bb global_colors_info=\u00bb{%22gcid-primary-color%22:%91%22background_color%22%93}\u00bb][et_pb_row column_structure=\u00bb2_3,1_3&#8243; _builder_version=\u00bb4.18.0&#8243; _module_preset=\u00bb5138c454-be54-4233-bd3b-f8e6a8747976&#8243; hover_enabled=\u00bb0&#8243; global_colors_info=\u00bb{}\u00bb][et_pb_column type=\u00bb2_3&#8243; _builder_version=\u00bb4.16.1&#8243; _module_preset=\u00bb73121f80-a3ef-4484-8763-c3f18e3c56d2&#8243; hover_enabled=\u00bb0&#8243; global_colors_info=\u00bb{}\u00bb][et_pb_heading title=\u00bbPreguntas Frecuentes sobre Contacto\u00bb _builder_version=\u00bb4.24.3&#8243; _module_preset=\u00bbc33f07d9-41e0-421a-8799-5799df695cce\u00bb title_text_color=\u00bb#FFFFFF\u00bb hover_enabled=\u00bb0&#8243; locked=\u00bboff\u00bb global_colors_info=\u00bb{}\u00bb][\/et_pb_heading][\/et_pb_column][et_pb_column type=\u00bb1_3&#8243; _builder_version=\u00bb4.16.1&#8243; _module_preset=\u00bb73121f80-a3ef-4484-8763-c3f18e3c56d2&#8243; hover_enabled=\u00bb0&#8243; global_colors_info=\u00bb{}\u00bb][et_pb_button button_text=\u00bbVer M\u00e1s\u00bb button_alignment=\u00bbright\u00bb button_alignment_tablet=\u00bbleft\u00bb button_alignment_phone=\u00bbleft\u00bb button_alignment_last_edited=\u00bbon|tablet\u00bb _builder_version=\u00bb4.24.2&#8243; _module_preset=\u00bbab15fb74-61a3-43aa-96b3-41e09aeef654&#8243; button_text_color=\u00bbgcid-secondary-color\u00bb hover_enabled=\u00bb0&#8243; locked=\u00bboff\u00bb global_colors_info=\u00bb{%22gcid-secondary-color%22:%91%22button_text_color%22%93}\u00bb][\/et_pb_button][\/et_pb_column][\/et_pb_row][et_pb_row _builder_version=\u00bb4.16.1&#8243; _module_preset=\u00bb5138c454-be54-4233-bd3b-f8e6a8747976&#8243; hover_enabled=\u00bb0&#8243; global_colors_info=\u00bb{}\u00bb][et_pb_column type=\u00bb4_4&#8243; _builder_version=\u00bb4.16.1&#8243; _module_preset=\u00bb73121f80-a3ef-4484-8763-c3f18e3c56d2&#8243; hover_enabled=\u00bb0&#8243; global_colors_info=\u00bb{}\u00bb][et_pb_accordion _builder_version=\u00bb4.24.3&#8243; _module_preset=\u00bb453e4eb0-7dd4-4a39-a22e-ac1c1b766253&#8243; hover_enabled=\u00bb0&#8243; locked=\u00bboff\u00bb global_colors_info=\u00bb{%22gcid-36fd78a7-34bc-404d-873c-dafa34efaae5%22:%91%22quote_icon_color%22,%22quote_icon_color%22,%22quote_icon_color%22,%22quote_icon_color%22,%22quote_icon_color%22,%22quote_icon_color%22,%22open_toggle_text_color%22,%22quote_icon_color%22,%22quote_icon_color%22,%22quote_icon_color%22,%22quote_icon_color%22,%22quote_icon_color%22,%22quote_icon_color%22,%22open_toggle_text_color%22,%22quote_icon_color%22,%22quote_icon_color%22,%22quote_icon_color%22,%22quote_icon_color%22,%22quote_icon_color%22,%22quote_icon_color%22,%22quote_icon_color%22,%22quote_icon_color%22,%22quote_icon_color%22,%22quote_icon_color%22,%22quote_icon_color%22,%22quote_icon_color%22%93,%22gcid-828accbb-1ed2-407d-95be-20ab4e191566%22:%91%22border_color_all%22,%22border_color_all%22,%22border_color_all%22,%22border_color_all%22,%22border_color_all%22,%22border_color_all%22,%22border_color_all%22,%22border_color_all%22,%22border_color_all%22,%22border_color_all%22,%22border_color_all%22,%22border_color_all%22,%22border_color_all%22,%22border_color_all%22,%22border_color_all%22,%22border_color_all%22,%22border_color_all%22,%22border_color_all%22,%22border_color_all%22,%22border_color_all%22,%22border_color_all%22,%22border_color_all%22,%22border_color_all%22,%22border_color_all%22%93,%22gcid-7cadd8b3-5228-48e4-90c4-212d09232f7b%22:%91%22toggle_text_color%22%93}\u00bb][et_pb_accordion_item title=\u00bb\u00bfC\u00f3mo puedo comunicarme con Tech Point?\u00bb open=\u00bbon\u00bb _builder_version=\u00bb4.21.0&#8243; _module_preset=\u00bb550abe5c-b505-4d6b-adc7-570bd7cc1217&#8243; hover_enabled=\u00bb0&#8243; global_colors_info=\u00bb{}\u00bb]<\/p>\n<p>Puedes contactarnos a trav\u00e9s de nuestro formulario en l\u00ednea, por correo electr\u00f3nico a contacto@techpoint.com, o llamando al 123-456-7890.<\/p>\n<p>[\/et_pb_accordion_item][et_pb_accordion_item title=\u00bb\u00bfCu\u00e1l es el horario de atenci\u00f3n al cliente?\u00bb _builder_version=\u00bb4.21.0&#8243; _module_preset=\u00bb550abe5c-b505-4d6b-adc7-570bd7cc1217&#8243; hover_enabled=\u00bb0&#8243; global_colors_info=\u00bb{}\u00bb]<\/p>\n<p>Nuestro horario de atenci\u00f3n es de lunes a viernes de 9:00 a.m. a 6:00 p.m. y s\u00e1bados de 10:00 a.m. a 4:00 p.m.<\/p>\n<p>[\/et_pb_accordion_item][et_pb_accordion_item title=\u00bb\u00bfD\u00f3nde se encuentra Tech Point?\u00bb _builder_version=\u00bb4.21.0&#8243; _module_preset=\u00bb550abe5c-b505-4d6b-adc7-570bd7cc1217&#8243; hover_enabled=\u00bb0&#8243; global_colors_info=\u00bb{}\u00bb]<\/p>\n<p>Nuestra tienda f\u00edsica est\u00e1 ubicada en Calle Principal 123, Ciudad Tech, CP 45678.<\/p>\n<p>[\/et_pb_accordion_item][et_pb_accordion_item title=\u00bb\u00bfOfrecen soporte t\u00e9cnico en l\u00ednea?\u00bb _builder_version=\u00bb4.21.0&#8243; _module_preset=\u00bb550abe5c-b505-4d6b-adc7-570bd7cc1217&#8243; hover_enabled=\u00bb0&#8243; global_colors_info=\u00bb{}\u00bb]<\/p>\n<p>S\u00ed, ofrecemos soporte t\u00e9cnico a trav\u00e9s de chat en vivo y correo electr\u00f3nico durante nuestro horario de atenci\u00f3n.<\/p>\n<p>[\/et_pb_accordion_item][et_pb_accordion_item title=\u00bb\u00bfC\u00f3mo puedo hacer una devoluci\u00f3n?\u00bb _builder_version=\u00bb4.21.0&#8243; _module_preset=\u00bb550abe5c-b505-4d6b-adc7-570bd7cc1217&#8243; hover_enabled=\u00bb0&#8243; global_colors_info=\u00bb{}\u00bb]<\/p>\n<p>Para realizar una devoluci\u00f3n, completa el formulario en nuestra p\u00e1gina de devoluciones y sigue las instrucciones proporcionadas.<\/p>\n<p>[\/et_pb_accordion_item][\/et_pb_accordion][\/et_pb_column][\/et_pb_row][\/et_pb_section][et_pb_section fb_built=\u00bb1&#8243; admin_label=\u00bbCall to Action\u00bb _builder_version=\u00bb4.17.6&#8243; _module_preset=\u00bbdefault\u00bb hover_enabled=\u00bb0&#8243; locked=\u00bboff\u00bb template_type=\u00bbsection\u00bb collapsed=\u00bbon\u00bb global_colors_info=\u00bb{}\u00bb][et_pb_row _builder_version=\u00bb4.17.6&#8243; _module_preset=\u00bb5138c454-be54-4233-bd3b-f8e6a8747976&#8243; hover_enabled=\u00bb0&#8243; global_colors_info=\u00bb{}\u00bb][et_pb_column type=\u00bb4_4&#8243; _builder_version=\u00bb4.16&#8243; _module_preset=\u00bb73121f80-a3ef-4484-8763-c3f18e3c56d2&#8243; hover_enabled=\u00bb0&#8243; global_colors_info=\u00bb{}\u00bb][et_pb_image src=\u00bbhttps:\/\/techpoint.com.ar\/web\/wp-content\/uploads\/2024\/10\/0-50f82263-fcc6-4d90-860b-5a49094e9039-1080&#215;600.jpg\u00bb title_text=\u00bb1080&#215;600&#8243; _builder_version=\u00bb4.24.3&#8243; _module_preset=\u00bb6ed8fd5c-62c5-4100-98c3-7b8b6d2c2ee6&#8243; hover_enabled=\u00bb0&#8243; global_colors_info=\u00bb{}\u00bb][\/et_pb_image][\/et_pb_column][\/et_pb_row][et_pb_row column_structure=\u00bb3_5,2_5&#8243; _builder_version=\u00bb4.17.6&#8243; _module_preset=\u00bb5138c454-be54-4233-bd3b-f8e6a8747976&#8243; hover_enabled=\u00bb0&#8243; global_colors_info=\u00bb{}\u00bb][et_pb_column type=\u00bb3_5&#8243; _builder_version=\u00bb4.16&#8243; _module_preset=\u00bb73121f80-a3ef-4484-8763-c3f18e3c56d2&#8243; hover_enabled=\u00bb0&#8243; global_colors_info=\u00bb{}\u00bb][et_pb_heading title=\u00bb\u00a1Cont\u00e1ctanos Hoy!\u00bb _builder_version=\u00bb4.24.2&#8243; _module_preset=\u00bbc33f07d9-41e0-421a-8799-5799df695cce\u00bb hover_enabled=\u00bb0&#8243; locked=\u00bboff\u00bb global_colors_info=\u00bb{}\u00bb][\/et_pb_heading][\/et_pb_column][et_pb_column type=\u00bb2_5&#8243; _builder_version=\u00bb4.16&#8243; _module_preset=\u00bb73121f80-a3ef-4484-8763-c3f18e3c56d2&#8243; hover_enabled=\u00bb0&#8243; global_colors_info=\u00bb{}\u00bb][et_pb_heading title=\u00bbObt\u00e9n Asistencia Personalizada\u00bb _builder_version=\u00bb4.24.3&#8243; _module_preset=\u00bba3805066-8711-43c7-9f62-5782da0e9f7a\u00bb hover_enabled=\u00bb0&#8243; locked=\u00bboff\u00bb global_colors_info=\u00bb{}\u00bb][\/et_pb_heading][et_pb_button button_text=\u00bbCont\u00e1ctanos Ahora\u00bb _builder_version=\u00bb4.23.1&#8243; _module_preset=\u00bb1bffc0fc-42a0-49d1-bd9a-ae3ade2d7206&#8243; hover_enabled=\u00bb0&#8243; locked=\u00bboff\u00bb global_colors_info=\u00bb{}\u00bb][\/et_pb_button][\/et_pb_column][\/et_pb_row][\/et_pb_section]<\/p>\n","protected":false},"excerpt":{"rendered":"<p>Descubre c\u00f3mo podemos ayudarte con tus necesidades tecnol\u00f3gicas. Estamos aqu\u00ed para ofrecerte soluciones r\u00e1pidas y efectivas.(123) 456-7890contacto@techpoint.comAvenida Innovaci\u00f3n 123, Piso 5, Ciudad Tech, CP 45678Completa el formulario a continuaci\u00f3n para enviarnos tus consultas o para agendar una cita con nuestro equipo de expertos.Puedes contactarnos a trav\u00e9s de nuestro formulario en l\u00ednea, por correo electr\u00f3nico a [&hellip;]<\/p>\n","protected":false},"author":1,"featured_media":0,"parent":0,"menu_order":0,"comment_status":"closed","ping_status":"closed","template":"","meta":{"_et_pb_use_builder":"on","_et_pb_old_content":"","_et_gb_content_width":"","footnotes":""},"class_list":["post-28","page","type-page","status-publish","hentry"],"jetpack_sharing_enabled":true,"_links":{"self":[{"href":"https:\/\/techpoint.com.ar\/web\/index.php?rest_route=\/wp\/v2\/pages\/28","targetHints":{"allow":["GET"]}}],"collection":[{"href":"https:\/\/techpoint.com.ar\/web\/index.php?rest_route=\/wp\/v2\/pages"}],"about":[{"href":"https:\/\/techpoint.com.ar\/web\/index.php?rest_route=\/wp\/v2\/types\/page"}],"author":[{"embeddable":true,"href":"https:\/\/techpoint.com.ar\/web\/index.php?rest_route=\/wp\/v2\/users\/1"}],"replies":[{"embeddable":true,"href":"https:\/\/techpoint.com.ar\/web\/index.php?rest_route=%2Fwp%2Fv2%2Fcomments&post=28"}],"version-history":[{"count":2,"href":"https:\/\/techpoint.com.ar\/web\/index.php?rest_route=\/wp\/v2\/pages\/28\/revisions"}],"predecessor-version":[{"id":101,"href":"https:\/\/techpoint.com.ar\/web\/index.php?rest_route=\/wp\/v2\/pages\/28\/revisions\/101"}],"wp:attachment":[{"href":"https:\/\/techpoint.com.ar\/web\/index.php?rest_route=%2Fwp%2Fv2%2Fmedia&parent=28"}],"curies":[{"name":"wp","href":"https:\/\/api.w.org\/{rel}","templated":true}]}}